{"id":10848,"date":"2023-11-07T10:35:26","date_gmt":"2023-11-07T08:35:26","guid":{"rendered":"http:\/\/marinacongost.com\/sobre-mi\/"},"modified":"2024-01-08T12:58:30","modified_gmt":"2024-01-08T10:58:30","slug":"sobre-mi","status":"publish","type":"page","link":"https:\/\/marinacongost.com\/es\/sobre-mi\/","title":{"rendered":"Sobre mi"},"content":{"rendered":"\t\t<div data-elementor-type=\"wp-page\" data-elementor-id=\"10848\" class=\"elementor elementor-10848 elementor-9209\" data-elementor-post-type=\"page\">\n\t\t\t\t<div class=\"elementor-element elementor-element-8e5f7ab e-con-full green menuitems e-flex e-con e-parent\" data-id=\"8e5f7ab\" data-element_type=\"container\" data-settings=\"{&quot;background_background&quot;:&quot;classic&quot;}\">\n\t\t<div class=\"elementor-element elementor-element-9047bbb e-con-full e-flex e-con e-child\" data-id=\"9047bbb\" data-element_type=\"container\">\n\t\t\t\t<div class=\"elementor-element elementor-element-6bbf64e elementor-hidden-tablet elementor-hidden-mobile elementor-widget elementor-widget-heading\" data-id=\"6bbf64e\" data-element_type=\"widget\" data-widget_type=\"heading.default\">\n\t\t\t\t<div class=\"elementor-widget-container\">\n\t\t\t\t\t<h2 class=\"elementor-heading-title elementor-size-default\"><a href=\"https:\/\/marinacongost.com\/es\/\">MARINA CONGOST<\/a><\/h2>\t\t\t\t<\/div>\n\t\t\t\t<\/div>\n\t\t\t\t<div class=\"elementor-element elementor-element-39dc667 elementor-hidden-tablet elementor-hidden-mobile elementor-widget elementor-widget-heading\" data-id=\"39dc667\" data-element_type=\"widget\" data-widget_type=\"heading.default\">\n\t\t\t\t<div class=\"elementor-widget-container\">\n\t\t\t\t\t<h2 class=\"elementor-heading-title elementor-size-default\"><a href=\"https:\/\/marinacongost.com\/sobre-mi\/\">SOBRE M\u00ed<\/a><\/h2>\t\t\t\t<\/div>\n\t\t\t\t<\/div>\n\t\t\t\t<div class=\"elementor-element elementor-element-6c38712 elementor-hidden-tablet elementor-hidden-mobile elementor-widget-divider--view-line elementor-widget elementor-widget-divider\" data-id=\"6c38712\" data-element_type=\"widget\" data-widget_type=\"divider.default\">\n\t\t\t\t<div class=\"elementor-widget-container\">\n\t\t\t\t\t\t\t<div class=\"elementor-divider\">\n\t\t\t<span class=\"elementor-divider-separator\">\n\t\t\t\t\t\t<\/span>\n\t\t<\/div>\n\t\t\t\t\t\t<\/div>\n\t\t\t\t<\/div>\n\t\t\t\t<div class=\"elementor-element elementor-element-f41bb94 elementor-hidden-tablet elementor-hidden-mobile elementor-widget elementor-widget-heading\" data-id=\"f41bb94\" data-element_type=\"widget\" data-widget_type=\"heading.default\">\n\t\t\t\t<div class=\"elementor-widget-container\">\n\t\t\t\t\t<h2 class=\"elementor-heading-title elementor-size-default\"><a href=\"https:\/\/marinacongost.com\/trajectoria\/\">TRAYECTORIA<\/a><\/h2>\t\t\t\t<\/div>\n\t\t\t\t<\/div>\n\t\t\t\t<div class=\"elementor-element elementor-element-dd61022 elementor-hidden-tablet elementor-hidden-mobile elementor-widget elementor-widget-heading\" data-id=\"dd61022\" data-element_type=\"widget\" data-widget_type=\"heading.default\">\n\t\t\t\t<div class=\"elementor-widget-container\">\n\t\t\t\t\t<h2 class=\"elementor-heading-title elementor-size-default\"><a href=\"https:\/\/marinacongost.com\/creacio\/\">CREACI\u00d3N<\/a><\/h2>\t\t\t\t<\/div>\n\t\t\t\t<\/div>\n\t\t\t\t<div class=\"elementor-element elementor-element-fd2bfeb elementor-hidden-desktop elementor-view-default elementor-widget elementor-widget-icon\" data-id=\"fd2bfeb\" data-element_type=\"widget\" data-widget_type=\"icon.default\">\n\t\t\t\t<div class=\"elementor-widget-container\">\n\t\t\t\t\t\t\t<div class=\"elementor-icon-wrapper\">\n\t\t\t<a class=\"elementor-icon\" href=\"#elementor-action%3Aaction%3Dpopup%3Aopen%26settings%3DeyJpZCI6ODIxNiwidG9nZ2xlIjpmYWxzZX0%3D\">\n\t\t\t<i aria-hidden=\"true\" class=\"fas fa-bars\"><\/i>\t\t\t<\/a>\n\t\t<\/div>\n\t\t\t\t\t\t<\/div>\n\t\t\t\t<\/div>\n\t\t\t\t<\/div>\n\t\t<div class=\"elementor-element elementor-element-7eb64aa e-con-full e-flex e-con e-child\" data-id=\"7eb64aa\" data-element_type=\"container\" data-settings=\"{&quot;background_background&quot;:&quot;classic&quot;}\">\n\t\t\t\t<div class=\"elementor-element elementor-element-a91b501 elementor-widget elementor-widget-html\" data-id=\"a91b501\" data-element_type=\"widget\" data-widget_type=\"html.default\">\n\t\t\t\t<div class=\"elementor-widget-container\">\n\t\t\t\t\t<script>\r\nvar letters_filled='';\r\n\r\ndocument.addEventListener('DOMContentLoaded', home_letters, false);\r\nfunction home_letters () {\r\n    var myElem = document.getElementById('home_letters_dos');\r\n    if (myElem) {\r\n        letters_filled=document.getElementById('home_letters_filled_dos');\r\n        window.addEventListener('mousemove', (event) => {\r\n            letters_filled.style.width = event.clientX+'px';\r\n        });\r\n    }\r\n}\r\n<\/script>\t\t\t\t<\/div>\n\t\t\t\t<\/div>\n\t\t\t\t<div class=\"elementor-element elementor-element-be4a26d elementor-widget elementor-widget-html\" data-id=\"be4a26d\" data-element_type=\"widget\" data-widget_type=\"html.default\">\n\t\t\t\t<div class=\"elementor-widget-container\">\n\t\t\t\t\t<div id=\"home_letters_dos\">\r\n\t\t<div class=\"letters empty\">\r\n\t\t\t<img decoding=\"async\" src=\"http:\/\/marinacongost.com\/wp-content\/uploads\/2023\/11\/marina_congost_nogue_1.svg\"\/>\r\n\t\t<\/div>\r\n\t\t<div class=\"letters filled\" id=\"home_letters_filled_dos\">\r\n\t\t\t<img decoding=\"async\" src=\"http:\/\/marinacongost.com\/wp-content\/uploads\/2023\/11\/marina_congost_nogue_2.svg\"\/>\r\n\t\t<\/div>\r\n\t<\/div>\r\n\r\n<style>\r\n    #home_letters_dos {\r\n\twidth:100%;\r\n\tposition:relative;\r\n\tuser-select:none;\r\n}\r\n#home_letters_dos .letters {\r\n\twidth:100%;\r\n\tz-index:1;\r\n}\r\n#home_letters_dos .letters.filled {\r\n\tposition:absolute;\r\n\ttop:0;\r\n\tleft:0;\r\n\twidth:0px;\r\n\tz-index:2;\r\n\toverflow:hidden;\r\n\t\/*transition:width ease 0.5s;*\/\r\n}\r\n#home_letters_dos img {\r\n\twidth:calc(100vw - 100px);\r\n\tmargin:0px 50px;\r\n}\r\n\r\n#home_letters_filled_dos img{\r\n    height: inherit;\r\n    max-width: none;\r\n    width:calc(100vw - 100px);\r\n    margin:0px 50px;\r\n}\r\n\r\n@media (max-width: 1024px) {\r\n#home_letters_dos img, #home_letters_filled_dos img {\r\n   width:calc(100vw - 60px);\r\n   margin:0px 30px;\r\n}\r\n}\r\n\r\n@media (max-width: 767px) {\r\n#home_letters_dos img,#home_letters_filled_dos img{\r\n   width:calc(100vw - 40px);\r\n   margin:0px 20px;\r\n}\r\n}\r\n<\/style>\t\t\t\t<\/div>\n\t\t\t\t<\/div>\n\t\t\t\t<\/div>\n\t\t<div class=\"elementor-element elementor-element-88bc773 e-con-full e-flex e-con e-child\" data-id=\"88bc773\" data-element_type=\"container\" data-settings=\"{&quot;background_background&quot;:&quot;classic&quot;}\">\n\t\t\t\t<\/div>\n\t\t<div class=\"elementor-element elementor-element-ca5e292 e-flex e-con-boxed e-con e-child\" data-id=\"ca5e292\" data-element_type=\"container\" data-settings=\"{&quot;background_background&quot;:&quot;classic&quot;}\">\n\t\t\t\t\t<div class=\"e-con-inner\">\n\t\t\t\t<div class=\"elementor-element elementor-element-0c7a3d1 elementor-widget elementor-widget-text-editor\" data-id=\"0c7a3d1\" data-element_type=\"widget\" data-widget_type=\"text-editor.default\">\n\t\t\t\t<div class=\"elementor-widget-container\">\n\t\t\t\t\t\t\t\t\t<p>Creadora y actriz. Sus proyectos de creaci\u00f3n se mueven en el \u00e1mbito de las artes esc\u00e9nicas y el audiovisual. <strong>Sus propuestas parten de lo biogr\u00e1fico para explorar todos aquellos temas vinculados con la construcci\u00f3n de las identidades culturales y cuestionar los relatos hegem\u00f3nicos.<\/strong> Colabora en proyectos donde ha desarrollado los roles de directora, guionista, dramaturga , actriz y docente.<\/p>\n<p>Inicia sus estudios de Comunicaci\u00f3n Audiovisual en la Universidad Aut\u00f3noma de Barcelona y se licencia en Interpretaci\u00f3n en la Escuela Superior de Arte Dram\u00e1tico de Barcelona. El gusto por la creaci\u00f3n y la hibridaci\u00f3n de lenguajes la llevan a formarse en los terrenos de la dramaturgia y la escritura con Lola Arias, Roger Bernat, Sonia Moll, Carlos Adamuz, Mercedes Halfono, Carla Sant\u00e1ngelo\u2026<\/p>\n<p>En 2023 presenta <b><i>Un d\u00eda, yo<\/i><\/b> como artista <strong>EN RESiDENCIA en el Espai Lliure (Teatre Lliure con el IE Tur\u00f3 de Roquetes)<\/strong>, un encuentro con un grupo de j\u00f3venes que nos hablan de sus or\u00edgenes y su cultura. Una propuesta de creaci\u00f3n colectiva que se expresa a trav\u00e9s de los recuerdos y la memoria.<\/p>\n<p>Firma el proyecto <b><i>X, la serie<\/i><\/b> <strong>(CCMA-TV3\/C33, 2021)<\/strong>, junto con M\u00f2nica Barrio; una serie para televisi\u00f3n donde convergen la autoficci\u00f3n, la ficci\u00f3n surrealista, el foundfootatge y el experimento audiovisual para hablar de feminismo y g\u00e9nero. Firman e interpretan conjuntamente sus anteriores espect\u00e1culos <b><i>Drink my milk<\/i><\/b> (Croquis, Sala Beckett, 2016) y <b><i>La Milimetrada<\/i><\/b> (2014-2017).<\/p>\n<p>Forma parte hasta el 2016, de la <strong>compa\u00f1\u00eda de teatro Ign\u00edfuga, dirigida por Pau Masal\u00f3.<\/strong> Participa como actriz y colabora en la creaci\u00f3n de sus espect\u00e1culos: <b><i>La norma de la extinci\u00f3n<\/i><\/b> (El Mald\u00e0, 2014), <b><i>En house is not a home<\/i><\/b> (2015, Fira T\u00e0rrega), <b><i>Kohlhaas. Una discusi\u00f3n festiva sobre la idea de revoluci\u00f3n<\/i><\/b> (2016, Teatro Tantarantana), <b><i>El jugador<\/i><\/b> (2017, Teatro Tantarantana), <b><i>Utop\u00eda<\/i><\/b> (2017, Festival Grec, Sala Hiroshima). Los montajes han recibido el apoyo a la creaci\u00f3n de FiraT\u00e0rrega, el Festival Grec y Temporada Alta.<\/p>\n<p>Actriz y creadora en <b><i>Cat\u00e1strofes<\/i><\/b>, dir. L\u00e1zaro Garc\u00eda (Sala Beckett, 2020) y <b><i>ZARA GOZA<\/i><\/b> (Festival Turbina, 2017). Actriz en El Pot Petit; 1869, dir. N\u00faria Ramis (TNC, 2021); Mos Maiorum (Compa\u00f1\u00eda Mos Maiorum)\u2026<\/p>\n\t\t\t\t\t\t\t\t<\/div>\n\t\t\t\t<\/div>\n\t\t\t\t\t<\/div>\n\t\t\t\t<\/div>\n\t\t<div class=\"elementor-element elementor-element-4993f4f e-con-full e-flex e-con e-child\" data-id=\"4993f4f\" data-element_type=\"container\">\n\t\t\t\t<div class=\"elementor-element elementor-element-a6bd78c elementor-widget elementor-widget-ucaddon_list_marquee\" data-id=\"a6bd78c\" data-element_type=\"widget\" data-widget_type=\"ucaddon_list_marquee.default\">\n\t\t\t\t<div class=\"elementor-widget-container\">\n\t\t\t\t\t<!-- start List Marquee -->\n\t\t<link id='font-awesome-css' href='https:\/\/marinacongost.com\/wp-content\/plugins\/unlimited-elements-for-elementor-premium\/assets_libraries\/font-awesome5\/css\/fontawesome-all.min.css' type='text\/css' rel='stylesheet' >\n\t\t<link id='font-awesome-4-shim-css' href='https:\/\/marinacongost.com\/wp-content\/plugins\/unlimited-elements-for-elementor-premium\/assets_libraries\/font-awesome5\/css\/fontawesome-v4-shims.css' type='text\/css' rel='stylesheet' >\n\n\t\t\t<style type=\"text\/css\">\/* widget: List Marquee *\/\n\n#uc_list_marquee_elementor_a6bd78c {\n  box-sizing: border-box;\n  display: flex;\n  align-items: center;\n  overflow: hidden;\n  direction:ltr;\n}\n#uc_list_marquee_elementor_a6bd78c .ue-marquee-content {\n  display: flex;\n  will-change: transform;\n  animation: marqueeuc_list_marquee_elementor_a6bd78c 90s linear infinite running;\n  animation-delay: 250ms;\n}\n\n#uc_list_marquee_elementor_a6bd78c .ue-marquee-content:hover {\n  animation-play-state: paused;\n}\n\n\n#uc_list_marquee_elementor_a6bd78c .ue-marquee-tag {\n  width: auto;\n  display: flex;\n  align-items: center;\n  justify-content: center;\n  transition: all 0.2s ease;\n  white-space: nowrap;\n  direction:ltr;\n}\n\n#uc_list_marquee_elementor_a6bd78c .ue-marquee-tag a {\n  display: flex;\n  align-items: center;\n  justify-content: center;\n  white-space: nowrap;\n  text-stroke: 0px ;\n}\n#uc_list_marquee_elementor_a6bd78c .ue-marquee-tag-icon {\nflex-grow: 0;   flex-shrink: 0;\n  line-height:1em;\n}\n\n#uc_list_marquee_elementor_a6bd78c .ue-marquee-tag-icon svg{\n  width:1em;\n  height:1em;\n}\n\n#uc_list_marquee_elementor_a6bd78c .ue-marquee-tag svg\n{\n  width:1em;\n  height:1em;\n}\n\n#uc_list_marquee_elementor_a6bd78c .Marquee-tag-icon img\n{\n  display:block;\n}\n#uc_list_marquee_elementor_a6bd78c .ue_marq_text_wrap{\n  display:flex;\n  flex-direction: row;\n  align-items: center;\n}\n\n@keyframes marqueeuc_list_marquee_elementor_a6bd78c {\n  0% {\n \t-webkit-transform: translateX(0);\n    transform: translateX(0);\n  }\n  100% {\n    -webkit-transform: translate(-50%);\n    transform: translate(-50%);\n  }\n}\n\n@keyframes marquee-reverseuc_list_marquee_elementor_a6bd78c {\n  0% {\n \t-webkit-transform: translateX(-50%);\n    transform: translateX(-50%);\n  }\n  100% {\n    -webkit-transform: translate(0%);\n    transform: translate(0%);\n  }\n}\n\n<\/style>\n\n\t\t\t<div class=\"ue-marquee \" id=\"uc_list_marquee_elementor_a6bd78c\" >\n  <div class=\"ue-marquee-content uc-items-wrapper\">\n    <div class=\"ue-marquee-tag\">\n  <a href=\"#\" >\n        \n    <div class=\"ue_marq_text_wrap\">\n        ACTRIZ \/ CREACI\u00d3N ESC\u00c9NICA Y AUDIOVISUAL \/ ACTRIZ \/ CREACI\u00d3N ESC\u00c9NICA Y AUDIOVISUAL \/ ACTRIZ \/ CREACI\u00d3N ESC\u00c9NICA \/\n          <\/div>\n    \n  <\/a>\n<\/div>\n<div class=\"ue-marquee-tag\">\n  <a href=\"#\" >\n        \n    <div class=\"ue_marq_text_wrap\">\n        ACTRIZ \/ CREACI\u00d3N ESC\u00c9NICA Y AUDIOVISUAL \/ ACTRIZ \/ CREACI\u00d3N ESC\u00c9NICA Y AUDIOVISUAL \/ ACTRIZ \/ CREACI\u00d3N ESC\u00c9NICA \/\n          <\/div>\n    \n  <\/a>\n<\/div>\n\n  <\/div>\n<\/div>\n\t\t\t<!-- end List Marquee -->\t\t\t\t<\/div>\n\t\t\t\t<\/div>\n\t\t\t\t<\/div>\n\t\t<div class=\"elementor-element elementor-element-a3e2d29 e-con-full greenback e-flex e-con e-child\" data-id=\"a3e2d29\" data-element_type=\"container\" data-settings=\"{&quot;background_background&quot;:&quot;classic&quot;}\">\n\t\t<div class=\"elementor-element elementor-element-38bb347 e-con-full e-flex e-con e-child\" data-id=\"38bb347\" data-element_type=\"container\">\n\t\t\t\t<div class=\"elementor-element elementor-element-b78ee85 elementor-widget elementor-widget-heading\" data-id=\"b78ee85\" data-element_type=\"widget\" data-widget_type=\"heading.default\">\n\t\t\t\t<div class=\"elementor-widget-container\">\n\t\t\t\t\t<p class=\"elementor-heading-title elementor-size-default\"><a href=\"mailto:marinacongost@gmail.com\">marinacongost@gmail.com<\/a><\/p>\t\t\t\t<\/div>\n\t\t\t\t<\/div>\n\t\t\t\t<div class=\"elementor-element elementor-element-b09c7c7 elementor-widget elementor-widget-heading\" data-id=\"b09c7c7\" data-element_type=\"widget\" data-widget_type=\"heading.default\">\n\t\t\t\t<div class=\"elementor-widget-container\">\n\t\t\t\t\t<p class=\"elementor-heading-title elementor-size-default\"><a href=\"https:\/\/www.instagram.com\/marinacongost\/\" target=\"_blank\" rel=\"nofollow\">@marinacongost<\/a><\/p>\t\t\t\t<\/div>\n\t\t\t\t<\/div>\n\t\t\t\t<\/div>\n\t\t<div class=\"elementor-element elementor-element-0a92dc1 e-con-full poli e-flex e-con e-child\" data-id=\"0a92dc1\" data-element_type=\"container\">\n\t\t\t\t<div class=\"elementor-element elementor-element-c31412f elementor-widget-mobile__width-initial elementor-widget elementor-widget-heading\" data-id=\"c31412f\" data-element_type=\"widget\" data-widget_type=\"heading.default\">\n\t\t\t\t<div class=\"elementor-widget-container\">\n\t\t\t\t\t<p class=\"elementor-heading-title elementor-size-default\"><a href=\"http:\/\/marinacongost.com\/avis-legal\/\" rel=\"nofollow noreferrer noopener\">Aviso Legal<\/a> \u00b7 <a href=\"http:\/\/marinacongost.com\/politica-de-cookies\/\" rel=\"nofollow noreferrer noopener\">Pol\u00edtica de cookies<\/a> \u00b7 <a href=\"http:\/\/marinacongost.com\/politica-de-privadesa\/\" rel=\"nofollow noreferrer noopener\">Pol\u00edtica de privacidad<\/a><\/p>\t\t\t\t<\/div>\n\t\t\t\t<\/div>\n\t\t\t\t<div class=\"elementor-element elementor-element-bac98ae menuidiomes elementor-widget elementor-widget-wpml-language-switcher\" data-id=\"bac98ae\" data-element_type=\"widget\" data-widget_type=\"wpml-language-switcher.default\">\n\t\t\t\t<div class=\"elementor-widget-container\">\n\t\t\t\t\t<div class=\"wpml-elementor-ls\">\n<div class=\"wpml-ls-statics-shortcode_actions wpml-ls wpml-ls-legacy-list-horizontal\">\n\t<ul role=\"menu\"><li class=\"wpml-ls-slot-shortcode_actions wpml-ls-item wpml-ls-item-ca wpml-ls-first-item wpml-ls-item-legacy-list-horizontal\" role=\"none\">\n\t\t\t\t<a href=\"https:\/\/marinacongost.com\/\" class=\"wpml-ls-link\" role=\"menuitem\"  aria-label=\"Cambiar a CAT\" title=\"Cambiar a CAT\" >\n                    <span class=\"wpml-ls-display\">CAT<\/span><\/a>\n\t\t\t<\/li><li class=\"wpml-ls-slot-shortcode_actions wpml-ls-item wpml-ls-item-es wpml-ls-current-language wpml-ls-last-item wpml-ls-item-legacy-list-horizontal\" role=\"none\">\n\t\t\t\t<a href=\"https:\/\/marinacongost.com\/es\/\" class=\"wpml-ls-link\" role=\"menuitem\" >\n                    <span class=\"wpml-ls-native\" role=\"menuitem\">ES<\/span><\/a>\n\t\t\t<\/li><\/ul>\n<\/div>\n<\/div>\t\t\t\t<\/div>\n\t\t\t\t<\/div>\n\t\t\t\t<\/div>\n\t\t\t\t<\/div>\n\t\t\t\t<\/div>\n\t\t\t\t<\/div>\n\t\t","protected":false},"excerpt":{"rendered":"<p>MARINA CONGOST SOBRE M\u00ed TRAYECTORIA CREACI\u00d3N Creadora y actriz. Sus proyectos de creaci\u00f3n se mueven en el \u00e1mbito de las artes esc\u00e9nicas y el audiovisual. Sus propuestas parten de lo biogr\u00e1fico para explorar todos aquellos temas vinculados con la construcci\u00f3n de las identidades culturales y cuestionar los relatos hegem\u00f3nicos. Colabora en proyectos donde ha desarrollado [&hellip;]<\/p>\n","protected":false},"author":1,"featured_media":0,"parent":0,"menu_order":0,"comment_status":"closed","ping_status":"closed","template":"elementor_canvas","meta":{"inline_featured_image":false,"footnotes":""},"class_list":["post-10848","page","type-page","status-publish","hentry"],"_links":{"self":[{"href":"https:\/\/marinacongost.com\/es\/wp-json\/wp\/v2\/pages\/10848","targetHints":{"allow":["GET"]}}],"collection":[{"href":"https:\/\/marinacongost.com\/es\/wp-json\/wp\/v2\/pages"}],"about":[{"href":"https:\/\/marinacongost.com\/es\/wp-json\/wp\/v2\/types\/page"}],"author":[{"embeddable":true,"href":"https:\/\/marinacongost.com\/es\/wp-json\/wp\/v2\/users\/1"}],"replies":[{"embeddable":true,"href":"https:\/\/marinacongost.com\/es\/wp-json\/wp\/v2\/comments?post=10848"}],"version-history":[{"count":14,"href":"https:\/\/marinacongost.com\/es\/wp-json\/wp\/v2\/pages\/10848\/revisions"}],"predecessor-version":[{"id":11212,"href":"https:\/\/marinacongost.com\/es\/wp-json\/wp\/v2\/pages\/10848\/revisions\/11212"}],"wp:attachment":[{"href":"https:\/\/marinacongost.com\/es\/wp-json\/wp\/v2\/media?parent=10848"}],"curies":[{"name":"wp","href":"https:\/\/api.w.org\/{rel}","templated":true}]}}